{"id":3390,"date":"2020-12-11T13:21:06","date_gmt":"2020-12-11T13:21:06","guid":{"rendered":"https:\/\/topanito.com\/?page_id=3390"},"modified":"2020-12-15T08:54:58","modified_gmt":"2020-12-15T08:54:58","slug":"mandarinenmargarita","status":"publish","type":"page","link":"https:\/\/topanito.com\/en\/mandarinenmargarita\/","title":{"rendered":"Mandarinenmargarita"},"content":{"rendered":"<div class=\"wpb-content-wrapper\"><!-- CWS Row --><div  class=\"cws-content\" style=\"background-repeat:repeat;background-size:initial;background-attachment:scroll;background-position:0% 0%;\"><div class=\"cws_extra_wrapper\"><div data-vc-full-width=\"true\" data-vc-full-width-init=\"false\" data-vc-stretch-content=\"true\" class=\"vc_row wpb_row vc_row-fluid vc_custom_1607688053071\"><div class=\"wpb_column vc_column_container vc_col-sm-6 vc_hidden-sm vc_hidden-xs cws-column\"><div class=\"cws_vc_column-inner\"><div class=\"wpb_column vc_column_container vc_col-sm-6 vc_hidden-sm vc_hidden-xs\"><div class=\"vc_column-inner\"><div class=\"wpb_wrapper\"><div class='cws_textmodule cws_vc_shortcode_module' id='cws_textmodule_69d2c0c8c9c4f'><div class='cws_textmodule_wrapper'><div class='cws_textmodule_text text_align_left'><div class='cws_textmodule_titles'><div class='cws_textmodule_subtitle_wrapper with_decor'><span class='subtitle-dots left'><\/span><span class='subtitile_left_line'><\/span><h4 class='cws_textmodule_subtitle'>Die allzwecktaugliche<\/h4><span class='subtitile_right_line'><\/span><span class='subtitle-dots right'><\/span><\/div><h3 class='cws_textmodule_title small'>Mandarinenmargarita<\/h3><\/div><div class='cws_textmodule_content'><div class='text_content_wrapper'><h4><strong>Die Margarita ist einer der bekanntesten Tequila-Drinks \u00fcberhaupt und ist vor allem im Sommer auch als Frozen Variante beliebt. Wir zeigen euch einen Twist der K\u00f6nigin der Cocktails mit Mandarine, der zur Gartenparty mindestens genauso hervorragend passt wie zum Weihnachtsessen:\u00a0<\/strong><\/h4>\n<\/div><\/div><\/div><\/div><\/div><div id='cws_vc_shortcode_acc_69d2c0c8cb08d'><div class=\"vc_tta-container\" data-vc-action=\"collapse\"><div class=\"vc_general vc_tta vc_tta-accordion vc_tta-o-shape-group vc_tta-controls-align-default vc_custom_1607941731419\"><div class=\"vc_tta-panels-container\"><div class=\"vc_tta-panels\"><div class=\"vc_tta-panel vc_active\" id=\"1607688972854-3fc6c852-7a7c\" data-vc-content=\".vc_tta-panel-body\"><div class=\"vc_tta-panel-heading\"><h4 class=\"vc_tta-panel-title vc_tta-controls-icon-position-left\"><a href=\"#1607688972854-3fc6c852-7a7c\" data-vc-accordion data-vc-container=\".vc_tta-container\"><span class=\"vc_tta-title-text\">Ingredients<\/span><i class=\"vc_tta-controls-icon vc_tta-controls-icon-chevron\"><\/i><\/a><\/h4><\/div><div class=\"vc_tta-panel-body\"><div class='cws_textmodule cws_vc_shortcode_module' id='cws_textmodule_69d2c0c8d1c7a'><div class='cws_textmodule_wrapper'><div class='cws_textmodule_text text_align_left'><div class='cws_textmodule_titles'><\/div><div class='cws_textmodule_content'><div class='text_content_wrapper'><ul>\n<li>\n<h4>50 ml Topanito Tequila Blanco 40%<\/h4>\n<\/li>\n<li>\n<h4>20 ml Triple Sec\/Grand Marnier\/Cointreu<\/h4>\n<\/li>\n<li>\n<h4>25 ml frischer Limettensaft<\/h4>\n<\/li>\n<li>\n<h4>10 ml Zuckersirup<\/h4>\n<\/li>\n<li>\n<h4>1 Mandarine<\/h4>\n<\/li>\n<li>\n<h4>1 Orangenzeste<\/h4>\n<\/li>\n<\/ul>\n<\/div><\/div><\/div><\/div><\/div><\/div><\/div><div class=\"vc_tta-panel\" id=\"1607688972963-531077f2-47ef\" data-vc-content=\".vc_tta-panel-body\"><div class=\"vc_tta-panel-heading\"><h4 class=\"vc_tta-panel-title vc_tta-controls-icon-position-left\"><a href=\"#1607688972963-531077f2-47ef\" data-vc-accordion data-vc-container=\".vc_tta-container\"><span class=\"vc_tta-title-text\">Preparation<\/span><i class=\"vc_tta-controls-icon vc_tta-controls-icon-chevron\"><\/i><\/a><\/h4><\/div><div class=\"vc_tta-panel-body\"><div class='cws_textmodule cws_vc_shortcode_module' id='cws_textmodule_69d2c0c8d2082'><div class='cws_textmodule_wrapper'><div class='cws_textmodule_text text_align_left'><div class='cws_textmodule_titles'><\/div><div class='cws_textmodule_content'><div class='text_content_wrapper'><h4><strong>Sch\u00e4lt die Mandarine und zersto\u00dft sie in einem Shaker. Gebt die \u00fcbrigen Zutaten und Eis hinzu und sch\u00fcttelt kr\u00e4ftig bis der Shaker beschl\u00e4gt. Seiht die Mandarinenmargarita am Besten doppelt (erst mit dem Sieb vom Cocktail Shaker, dann mit einem Feinsieb) eine Coupette ab und garniert mit einer Zeste aus Orangenschale.\u00a0<\/strong><\/h4>\n<\/div><\/div><\/div><\/div><\/div><\/div><\/div><\/div><\/div><\/div><\/div><\/div><\/div><\/div><\/div><!-- CWS Column --> <\/div><\/div><div class=\"wpb_column vc_column_container vc_col-sm-6 vc_hidden-sm vc_hidden-xs cws-column\"><div class=\"cws_vc_column-inner\"><div class=\"wpb_column vc_column_container vc_col-sm-6 vc_hidden-sm vc_hidden-xs\"><div class=\"vc_column-inner\"><div class=\"wpb_wrapper\">\n\t<div  class=\"wpb_single_image wpb_content_element vc_align_center wpb_content_element\">\n\t\t\n\t\t<figure class=\"wpb_wrapper vc_figure\">\n\t\t\t<div class=\"vc_single_image-wrapper   vc_box_border_grey\"><img loading=\"lazy\" decoding=\"async\" width=\"533\" height=\"800\" src=\"https:\/\/topanito.com\/wp-content\/uploads\/2020\/12\/Mandarinenmargarita-mit-Topanito-Blanco-Flasche-dunkler.jpg\" class=\"vc_single_image-img attachment-full\" alt=\"\" title=\"Mandarinenmargarita-mit-Topanito-Blanco-Flasche-dunkler\" srcset=\"https:\/\/topanito.com\/wp-content\/uploads\/2020\/12\/Mandarinenmargarita-mit-Topanito-Blanco-Flasche-dunkler.jpg 533w, https:\/\/topanito.com\/wp-content\/uploads\/2020\/12\/Mandarinenmargarita-mit-Topanito-Blanco-Flasche-dunkler-200x300.jpg 200w\" sizes=\"auto, (max-width: 533px) 100vw, 533px\" \/><\/div>\n\t\t<\/figure>\n\t<\/div>\n<\/div><\/div><\/div><!-- CWS Column --> <\/div><\/div><\/div><div class=\"vc_row-full-width vc_clearfix\"><\/div><\/div><\/div><!-- CWS Row --><div  class=\"cws-content\" style=\"background-repeat:repeat;background-size:initial;background-attachment:scroll;background-position:0% 0%;\"><div class=\"cws_extra_wrapper\"><div class=\"vc_row wpb_row vc_row-fluid\"><div class=\"wpb_column vc_column_container vc_col-sm-12 vc_hidden-lg vc_hidden-md cws-column\"><div class=\"cws_vc_column-inner\"><div class=\"wpb_column vc_column_container vc_col-sm-12 vc_hidden-lg vc_hidden-md\"><div class=\"vc_column-inner\"><div class=\"wpb_wrapper\"><div class='cws_textmodule cws_vc_shortcode_module' id='cws_textmodule_69d2c0c8d5ab8'><div class='cws_textmodule_wrapper'><div class='cws_textmodule_text mobile_center text_align_left'><div class='cws_textmodule_titles'><div class='cws_textmodule_subtitle_wrapper with_decor'><span class='subtitle-dots left'><\/span><span class='subtitile_left_line'><\/span><h4 class='cws_textmodule_subtitle'>Die allzwecktaugliche<\/h4><span class='subtitile_right_line'><\/span><span class='subtitle-dots right'><\/span><\/div><h3 class='cws_textmodule_title small'>Mandarinenmargarita<\/h3><\/div><div class='cws_textmodule_content'><div class='text_content_wrapper'><h4 style=\"text-align: center;\"><strong>Die Margarita ist einer der bekanntesten Tequila-Drinks \u00fcberhaupt und ist vor allem im Sommer auch als Frozen Variante beliebt. Wir zeigen euch einen Twist der K\u00f6nigin der Cocktails mit Mandarine, der zur Gartenparty mindestens genauso hervorragend passt wie zum Weihnachtsessen:\u00a0<\/strong><\/h4>\n<\/div><\/div><\/div><\/div><\/div>\n\t<div  class=\"wpb_single_image wpb_content_element vc_align_center wpb_content_element\">\n\t\t\n\t\t<figure class=\"wpb_wrapper vc_figure\">\n\t\t\t<div class=\"vc_single_image-wrapper   vc_box_border_grey\"><img loading=\"lazy\" decoding=\"async\" width=\"533\" height=\"800\" src=\"https:\/\/topanito.com\/wp-content\/uploads\/2020\/12\/Mandarinenmargarita-mit-Topanito-Blanco-Flasche-dunkler.jpg\" class=\"vc_single_image-img attachment-full\" alt=\"\" title=\"Mandarinenmargarita-mit-Topanito-Blanco-Flasche-dunkler\" srcset=\"https:\/\/topanito.com\/wp-content\/uploads\/2020\/12\/Mandarinenmargarita-mit-Topanito-Blanco-Flasche-dunkler.jpg 533w, https:\/\/topanito.com\/wp-content\/uploads\/2020\/12\/Mandarinenmargarita-mit-Topanito-Blanco-Flasche-dunkler-200x300.jpg 200w\" sizes=\"auto, (max-width: 533px) 100vw, 533px\" \/><\/div>\n\t\t<\/figure>\n\t<\/div>\n<div class=\"cws_spacing\"><div class=\"cws_spacing cws_spacing_default\" style=\"height:32px;\"><\/div><\/div><div id='cws_vc_shortcode_acc_69d2c0c8d5ea5'><div class=\"vc_tta-container\" data-vc-action=\"collapse\"><div class=\"vc_general vc_tta vc_tta-accordion vc_tta-o-shape-group vc_tta-controls-align-default vc_custom_1607941731419\"><div class=\"vc_tta-panels-container\"><div class=\"vc_tta-panels\"><div class=\"vc_tta-panel vc_active\" id=\"1608022489235-f52d39d3-91ef\" data-vc-content=\".vc_tta-panel-body\"><div class=\"vc_tta-panel-heading\"><h4 class=\"vc_tta-panel-title vc_tta-controls-icon-position-left\"><a href=\"#1608022489235-f52d39d3-91ef\" data-vc-accordion data-vc-container=\".vc_tta-container\"><span class=\"vc_tta-title-text\">Ingredients<\/span><i class=\"vc_tta-controls-icon vc_tta-controls-icon-chevron\"><\/i><\/a><\/h4><\/div><div class=\"vc_tta-panel-body\"><div class='cws_textmodule cws_vc_shortcode_module' id='cws_textmodule_69d2c0c8d63f1'><div class='cws_textmodule_wrapper'><div class='cws_textmodule_text text_align_left'><div class='cws_textmodule_titles'><\/div><div class='cws_textmodule_content'><div class='text_content_wrapper'><ul>\n<li>\n<h4>50 ml Topanito Tequila Blanco 40%<\/h4>\n<\/li>\n<li>\n<h4>20 ml Triple Sec\/Grand Marnier\/Cointreu<\/h4>\n<\/li>\n<li>\n<h4>25 ml frischer Limettensaft<\/h4>\n<\/li>\n<li>\n<h4>10 ml Zuckersirup<\/h4>\n<\/li>\n<li>\n<h4>1 Mandarine<\/h4>\n<\/li>\n<li>\n<h4>1 Orangenzeste<\/h4>\n<\/li>\n<\/ul>\n<\/div><\/div><\/div><\/div><\/div><\/div><\/div><div class=\"vc_tta-panel\" id=\"1608022489456-fa949bb7-9fd1\" data-vc-content=\".vc_tta-panel-body\"><div class=\"vc_tta-panel-heading\"><h4 class=\"vc_tta-panel-title vc_tta-controls-icon-position-left\"><a href=\"#1608022489456-fa949bb7-9fd1\" data-vc-accordion data-vc-container=\".vc_tta-container\"><span class=\"vc_tta-title-text\">Preparation<\/span><i class=\"vc_tta-controls-icon vc_tta-controls-icon-chevron\"><\/i><\/a><\/h4><\/div><div class=\"vc_tta-panel-body\"><div class='cws_textmodule cws_vc_shortcode_module' id='cws_textmodule_69d2c0c8d6783'><div class='cws_textmodule_wrapper'><div class='cws_textmodule_text text_align_left'><div class='cws_textmodule_titles'><\/div><div class='cws_textmodule_content'><div class='text_content_wrapper'><h4><strong>Sch\u00e4lt die Mandarine und zersto\u00dft sie in einem Shaker. Gebt die \u00fcbrigen Zutaten und Eis hinzu und sch\u00fcttelt kr\u00e4ftig bis der Shaker beschl\u00e4gt. Seiht die Mandarinenmargarita am Besten doppelt (erst mit dem Sieb vom Cocktail Shaker, dann mit einem Feinsieb) eine Coupette ab und garniert mit einer Zeste aus Orangenschale.\u00a0<\/strong><\/h4>\n<\/div><\/div><\/div><\/div><\/div><\/div><\/div><\/div><\/div><\/div><\/div><\/div><\/div><\/div><\/div><!-- CWS Column --> <\/div><\/div><\/div><\/div><\/div>\n<\/div>","protected":false},"excerpt":{"rendered":"Die allzwecktauglicheMandarinenmargaritaDie Margarita ist einer der bekanntesten Tequila-Drinks \u00fcberhaupt und ist vor allem im Sommer auch als Frozen Variante beliebt. Wir zeigen euch einen Twist der K\u00f6nigin der Cocktails mit Mandarine, der zur Gartenparty mindestens genauso hervorragend passt wie zum Weihnachtsessen:\u00a0 Zutaten 50 ml Topanito Tequila Blanco 40% 20 ml Triple Sec\/Grand Marnier\/Cointreu 25 ml frischer Limettensaft 10 ml Zuckersirup 1 Mandarine 1 Orangenzeste ZubereitungSch\u00e4lt die Mandarine und zersto\u00dft sie in einem Shaker. Gebt die \u00fcbrigen Zutaten und Eis hinzu und sch\u00fcttelt kr\u00e4ftig bis der Shaker beschl\u00e4gt. Seiht die Mandarinenmargarita am Besten doppelt (erst mit dem Sieb vom Cocktail Shaker, dann mit einem Feinsieb) eine Coupette ab und garniert mit einer Zeste aus Orangenschale.\u00a0 Die allzwecktauglicheMandarinenmargaritaDie Margarita ist einer der bekanntesten Tequila-Drinks \u00fcberhaupt und ist vor allem im Sommer auch als Frozen Variante beliebt. Wir zeigen euch einen Twist der K\u00f6nigin der Cocktails mit Mandarine, der zur Gartenparty mindestens genauso hervorragend passt wie zum Weihnachtsessen:\u00a0 Zutaten 50 ml Topanito Tequila Blanco 40% 20 ml Triple Sec\/Grand Marnier\/Cointreu 25 ml frischer Limettensaft 10 ml Zuckersirup 1 Mandarine 1 Orangenzeste ZubereitungSch\u00e4lt die Mandarine und zersto\u00dft sie in einem Shaker. Gebt die \u00fcbrigen Zutaten und Eis hinzu und sch\u00fcttelt kr\u00e4ftig bis der Shaker beschl\u00e4gt. Seiht die Mandarinenmargarita am Besten doppelt (erst mit dem Sieb vom Cocktail Shaker, dann mit einem Feinsieb) eine Coupette ab und garniert mit einer Zeste aus Orangenschale.\u00a0","protected":false},"author":2,"featured_media":0,"parent":0,"menu_order":0,"comment_status":"closed","ping_status":"closed","template":"","meta":{"footnotes":""},"class_list":["post-3390","page","type-page","status-publish","hentry"],"_links":{"self":[{"href":"https:\/\/topanito.com\/en\/wp-json\/wp\/v2\/pages\/3390","targetHints":{"allow":["GET"]}}],"collection":[{"href":"https:\/\/topanito.com\/en\/wp-json\/wp\/v2\/pages"}],"about":[{"href":"https:\/\/topanito.com\/en\/wp-json\/wp\/v2\/types\/page"}],"author":[{"embeddable":true,"href":"https:\/\/topanito.com\/en\/wp-json\/wp\/v2\/users\/2"}],"replies":[{"embeddable":true,"href":"https:\/\/topanito.com\/en\/wp-json\/wp\/v2\/comments?post=3390"}],"version-history":[{"count":11,"href":"https:\/\/topanito.com\/en\/wp-json\/wp\/v2\/pages\/3390\/revisions"}],"predecessor-version":[{"id":3509,"href":"https:\/\/topanito.com\/en\/wp-json\/wp\/v2\/pages\/3390\/revisions\/3509"}],"wp:attachment":[{"href":"https:\/\/topanito.com\/en\/wp-json\/wp\/v2\/media?parent=3390"}],"curies":[{"name":"wp","href":"https:\/\/api.w.org\/{rel}","templated":true}]}}